{"id":20,"date":"2021-12-03T12:34:16","date_gmt":"2021-12-03T18:34:16","guid":{"rendered":"https:\/\/gbgintegral.com.mx\/?page_id=20"},"modified":"2022-04-08T18:20:45","modified_gmt":"2022-04-09T00:20:45","slug":"aviso-de-privacidad","status":"publish","type":"page","link":"https:\/\/moodle.radius.com.mx\/global\/aviso-de-privacidad\/","title":{"rendered":"Aviso de privacidad"},"content":{"rendered":"\t\t<div data-elementor-type=\"wp-page\" data-elementor-id=\"20\" class=\"elementor elementor-20\">\n\t\t\t\t\t\t\t\t\t<section class=\"elementor-section elementor-top-section elementor-element elementor-element-17065656 elementor-section-boxed elementor-section-height-default elementor-section-height-default\" data-id=\"17065656\" data-element_type=\"section\">\n\t\t\t\t\t\t<div class=\"elementor-container elementor-column-gap-default\">\n\t\t\t\t\t<div class=\"elementor-column elementor-col-100 elementor-top-column elementor-element elementor-element-3586f3e1\" data-id=\"3586f3e1\" data-element_type=\"column\">\n\t\t\t<div class=\"elementor-widget-wrap elementor-element-populated\">\n\t\t\t\t\t\t\t\t<section class=\"elementor-section elementor-inner-section elementor-element elementor-element-274d96e elementor-section-boxed elementor-section-height-default elementor-section-height-default\" data-id=\"274d96e\" data-element_type=\"section\">\n\t\t\t\t\t\t<div class=\"elementor-container elementor-column-gap-default\">\n\t\t\t\t\t<div class=\"elementor-column elementor-col-66 elementor-inner-column elementor-element elementor-element-404ef1a\" data-id=\"404ef1a\" data-element_type=\"column\">\n\t\t\t<div class=\"elementor-widget-wrap elementor-element-populated\">\n\t\t\t\t\t\t\t\t<div class=\"elementor-element elementor-element-c4e0266 elementor-widget elementor-widget-theme-post-title elementor-page-title elementor-widget-heading\" data-id=\"c4e0266\" data-element_type=\"widget\" data-widget_type=\"theme-post-title.default\">\n\t\t\t\t<div class=\"elementor-widget-container\">\n\t\t\t<h1 class=\"elementor-heading-title elementor-size-default\">Aviso de privacidad<\/h1>\t\t<\/div>\n\t\t\t\t<\/div>\n\t\t\t\t<div class=\"elementor-element elementor-element-2957ab18 elementor-widget elementor-widget-text-editor\" data-id=\"2957ab18\" data-element_type=\"widget\" data-widget_type=\"text-editor.default\">\n\t\t\t\t<div class=\"elementor-widget-container\">\n\t\t\t<style>\/*! elementor - v3.6.5 - 27-04-2022 *\/\n.elementor-widget-text-editor.elementor-drop-cap-view-stacked .elementor-drop-cap{background-color:#818a91;color:#fff}.elementor-widget-text-editor.elementor-drop-cap-view-framed .elementor-drop-cap{color:#818a91;border:3px solid;background-color:transparent}.elementor-widget-text-editor:not(.elementor-drop-cap-view-default) .elementor-drop-cap{margin-top:8px}.elementor-widget-text-editor:not(.elementor-drop-cap-view-default) .elementor-drop-cap-letter{width:1em;height:1em}.elementor-widget-text-editor .elementor-drop-cap{float:left;text-align:center;line-height:1;font-size:50px}.elementor-widget-text-editor .elementor-drop-cap-letter{display:inline-block}<\/style>\t\t\t\t<p><!-- wp:paragraph --><\/p>\n<p><strong>Global Business Group, Sociedad An\u00f3nima de Capital Variable<\/strong>, en cumplimiento con lo establecido en la Ley Federal de Protecci\u00f3n de Datos Personales en Posesi\u00f3n de los Particulares, ha creado este Aviso de Privacidad para demostrar nuestro compromiso con la protecci\u00f3n de su privacidad y de la informaci\u00f3n que usted nos proporcione (\u201cDatos Personales\u201d).<\/p>\n<p><!-- \/wp:paragraph --><\/p>\n<p><!-- wp:paragraph --><\/p>\n<p><strong>Global Business Group, Sociedad An\u00f3nima de Capital Variable<\/strong>, se compromete a proteger su privacidad. El presente Aviso de Privacidad explica las pr\u00e1cticas de recopilaci\u00f3n y uso de sus Datos Personales. Por lo antes mencionado y al momento de leer le presente Aviso de Privacidad, usted otorga su consentimiento a <b>Global Business Group, Sociedad An\u00f3nima de Capital Variable<\/b>, para recopilar, utilizar y transferir en su caso los Datos Personales, tales como nombre, domicilio, tel\u00e9fono, estado civil, correo electr\u00f3nico, datos laborales, firma aut\u00f3grafa, n\u00famero telef\u00f3nico, etc. para los fines que m\u00e1s adelante se enuncian.<\/p>\n<p><!-- \/wp:paragraph --><\/p>\n<p><!-- wp:heading --><\/p>\n<h2><br>Uso de la Informaci\u00f3n<br><\/h2>\n<p><!-- \/wp:heading --><\/p>\n<p><!-- wp:paragraph --><\/p>\n<p>La informaci\u00f3n que usted proporcione de manera voluntaria a <b>Global Business Group, Sociedad An\u00f3nima de Capital Variable<\/b>, podr\u00e1 ser usada \u00fanicamente en el seguimiento y prestaci\u00f3n de los servicios contratados, ante todo tipo de autoridades, ya sean administrativas, judiciales, del trabajo, etc, as\u00ed como con particulares directamente vinculados al servicio prestado; para efectos de mercadotecnia internos y control de seguimiento de casos y sistemas internos, para proporcionar elementos personalizados dentro del Sitio <b><a href=\"https:\/\/gbgintegral.com.mx\/\">www.gbgintegral.com.mx<\/a> <\/b>para preparar mejor la informaci\u00f3n que formar\u00e1 parte de los contenidos con base en los intereses de nuestros usuarios. Ninguna informaci\u00f3n de la anteriormente mencionada ser\u00e1 entregada a terceros sin el previo consentimiento del titular a quien corresponden los datos, con excepci\u00f3n de que se trate de servicios mediante los cuales es indispensable entregar esta informaci\u00f3n a las autoridades derivada de cualesquiera clase de juicios ya sea administrativos, civiles, fiscales, del trabajo, penales, mercantiles o de cualquier otra naturaleza an\u00e1loga o conexa y que evidentemente es necesario para el seguimiento de los procesos y de los servicios.<\/p><p><br><\/p><h2>Partes que Comparten Informaci\u00f3n<\/h2><p>La informaci\u00f3n obtenida es utilizada \u00fanicamente por <b>Global Business Group, Sociedad An\u00f3nima de Capital Variable<\/b>, y sus colaboradores, empresas o prestadores de servicios. Mantenemos estrictos niveles de seguridad en relaci\u00f3n con la informaci\u00f3n que usted comparte con nosotros y la utilizamos \u00fanicamente para mejorar nuestra relaci\u00f3n con usted. Sus Datos Personales no ser\u00e1n rentados, vendidos o cedidos a ning\u00fan tercero. No obstante, <b>Global Business Group, Sociedad An\u00f3nima de Capital Variable<\/b>, podr\u00e1 compartir sus Datos Personales en cualquiera de los siguientes casos:<\/p><ul><li>A Prestadores de Servicios: De tiempo en tiempo <b>Global Business Group, Sociedad An\u00f3nima de Capital Variable<\/b>, podr\u00e1 proporcionar informaci\u00f3n a los prestadores de servicio que hemos contratado, tales como auditores externos, abogados, peritos, contadores, medicos, empresas de almacenamiento de datos o firmas de an\u00e1lisis entre otros, as\u00ed como a todas aquellas personas f\u00edsicas o morales que con la finalidad de cumplir el objetivo de la relaci\u00f3n contractual que sostengan con <b>Global Business Group, Sociedad An\u00f3nima de Capital Variable<\/b>, soliciten dicha informaci\u00f3n, los cuales en todo momento se encuentran obligados a no utilizar ni a divulgar la informaci\u00f3n que nosotros les proporcionamos m\u00e1s all\u00e1 del desempe\u00f1o de sus servicios.<\/li><li>Cumplimiento de la Ley: <b>Global Business Group, Sociedad An\u00f3nima de Capital Variable<\/b>, podr\u00e1 revelar sus Datos Personales a terceras personas sin su consentimiento para cumplir con alguna ley u orden judicial, para colaborar con las investigaciones de las autoridades, o para hacer cumplir o proteger los derechos de <b>Global Business Group, Sociedad An\u00f3nima de Capital Variable<\/b>, o de sus colaboradores y cualquier otro supuesto contemplado por la ley aplicable.<\/li><li>Consentimiento: En todos los dem\u00e1s casos, <b>Global Business Group, Sociedad An\u00f3nima de Capital Variable<\/b>, obtendr\u00e1 su consentimiento previo y por escrito antes de compartir sus Datos Personales con terceras personas.<br><\/li><\/ul><h2>Correo Electr\u00f3nico<\/h2><p><b>Global Business Group, Sociedad An\u00f3nima de Capital Variable<\/b>, pone su correo electr\u00f3nico a sus \u00f3rdenes a trav\u00e9s de su p\u00e1gina de Internet www.gbgintegral.com.mx el enlace \u201cConsulta\u201d No vendemos o compartimos de manera alguna los nombres o direcciones electr\u00f3nicas de los usuarios. Los comentarios que usted nos haga llegar permanecen confidenciales en todo momento.<br>Si usted tiene preguntas o cometarios en relaci\u00f3n al presente aviso o desea informaci\u00f3n sobre nuestro grupo, bienes y servicios, por favor escr\u00edbanos a <b>Acueducto n\u00famero catorce, colonia San Lucas, 16300, Xochimilco, Ciudad de M\u00e9xico<\/b>, proporci\u00f3nenos su nombre, domicilio y n\u00famero telef\u00f3nico. Utilizaremos dicha informaci\u00f3n \u00fanicamente para contactarle y la misma permanecer\u00e1 confidencial.<\/p><h2>Acceso, Rectificaci\u00f3n y Cancelaci\u00f3n y Oposici\u00f3n de Datos Personales<\/h2><p>Usted como titular de los Datos Personales, o en su caso, su representante legal, puede ejercer ante <b>Global Business Group, Sociedad An\u00f3nima de Capital Variable<\/b>, cualesquiera de los derechos que contempla el art\u00edculo 22 de la Ley Federal de Protecci\u00f3n de Datos Personales en Posesi\u00f3n de los Particulares, tambi\u00e9n conocidos como derehos ARCO, por medio de los cuales usted tendr\u00e1 derecho a solicitar que datos personales tenemos de usted, para que los utilizamos y las condiciones de uso y podr\u00e1 solicitar la correcci\u00f3n de su informaci\u00f3n personal en caso de que est\u00e9 inexacta o desactualizada e incluso incompleta; dependiendo del ejercitado, la solicitud correspondiente deber\u00e1 presentarse por escrito al domicilio se\u00f1alado en el presente Aviso. Su solicitud deber\u00e1 contener al menos su nombre y domicilio o medio para recibir comunicaciones, su identificaci\u00f3n o documentos que acrediten su personalidad o en su caso la de su representante legal, la explicaci\u00f3n clara y precisa de los Datos Personales a los cuales quiere tener acceso, rectificar, cancelar u oponerse; y cualquier otro elemento o documentos que facilite la localizaci\u00f3n de sus Datos Personales.<\/p><h2>El uso de tecnolog\u00edas de rastreo en nuestro portal de Internet<\/h2>\n<p><!-- \/wp:paragraph --><\/p>\n<p><!-- wp:paragraph --><\/p>\n<p>Le informamos que en nuestra p\u00e1gina de Internet utilizamos cookies, web beacons y otras tecnolog\u00edas a trav\u00e9s de las cuales es posible monitorear su comportamiento como usuario de Internet, brindarle un mejor servicio y experiencia de usuario al navegar en nuestra p\u00e1gina, as\u00ed como ofrecerle nuevos productos y servicios basados en sus preferencias.<\/p>\n<p><!-- \/wp:paragraph --><\/p>\n<p><!-- wp:paragraph --><\/p>\n<p>Los datos personales que obtenemos de estas tecnolog\u00edas de rastreo son los siguientes: horario de navegaci\u00f3n, tiempo de navegaci\u00f3n en nuestra p\u00e1gina de Internet, secciones consultadas, y p\u00e1ginas de Internet accedidas previo a la nuestra. Las mismas podr\u00e1n ser deshabilitadas <b>en la p\u00e1gina web <a href=\"https:\/\/gbgintegral.com.mx\/\">www.gbgintegral.com.mx<\/a><\/b> Estas tecnolog\u00edas podr\u00e1n deshabilitarse siguiendo los siguientes pasos: 1. Acceder a nuestra p\u00e1gina de Internet, secci\u00f3n \u201cT\u00e9rminos y condiciones del sitio\u201d, subsecci\u00f3n \u201cCookies\u201d; 2. Dar clic en la subsecci\u00f3n \u201cCookies\u201d; 3. Leer el mensaje de advertencia sobre la deshabilitaci\u00f3n de cookies, y 4. Dar clic en la leyenda de activar el mecanismo de deshabilitaci\u00f3n de cookies.<\/p>\n<p><!-- \/wp:paragraph --><\/p>\n<p><!-- wp:paragraph --><\/p>\n<h2>Modificaciones al aviso de Privacidad<\/h2><p>Cualquier modificaci\u00f3n al presente Aviso de Privacidad le ser\u00e1 informado indistintamente mediante avisos en las oficinas de <b>Global Business Group, Sociedad An\u00f3nima de Capital Variable<\/b>, o a trav\u00e9s de su portal de Internet <b><a href=\"https:\/\/gbgintegral.com.mx\/\">www.gbgintegral.com.mx<\/a><\/b><\/p>\n<p><!-- \/wp:paragraph --><\/p>\t\t\t\t\t\t<\/div>\n\t\t\t\t<\/div>\n\t\t\t\t\t<\/div>\n\t\t<\/div>\n\t\t\t\t<div class=\"elementor-column elementor-col-33 elementor-inner-column elementor-element elementor-element-a2ae3f4\" data-id=\"a2ae3f4\" data-element_type=\"column\">\n\t\t\t<div class=\"elementor-widget-wrap\">\n\t\t\t\t\t\t\t\t\t<\/div>\n\t\t<\/div>\n\t\t\t\t\t\t\t<\/div>\n\t\t<\/section>\n\t\t\t\t\t<\/div>\n\t\t<\/div>\n\t\t\t\t\t\t\t<\/div>\n\t\t<\/section>\n\t\t\t\t\t\t\t<\/div>\n\t\t","protected":false},"excerpt":{"rendered":"<p>Global Business Group, Sociedad An\u00f3nima de Capital Variable, en cumplimiento con lo establecido en la Ley Federal de Protecci\u00f3n de Datos Personales en Posesi\u00f3n de los Particulares, ha creado este Aviso de Privacidad para demostrar nuestro compromiso con la protecci\u00f3n de su privacidad y de la informaci\u00f3n que usted nos proporcione (\u201cDatos Personales\u201d). Global Business [&hellip;]<\/p>\n","protected":false},"author":1,"featured_media":0,"parent":0,"menu_order":0,"comment_status":"closed","ping_status":"closed","template":"elementor_header_footer","meta":{"inline_featured_image":false,"footnotes":""},"class_list":["post-20","page","type-page","status-publish","hentry"],"yoast_head":"<!-- This site is optimized with the Yoast SEO plugin v18.6 - https:\/\/yoast.com\/wordpress\/plugins\/seo\/ -->\n<title>Aviso de privacidad - Global Business Group<\/title>\n<meta name=\"robots\" content=\"noindex, follow, max-snippet:-1, max-image-preview:large, max-video-preview:-1\" \/>\n<meta property=\"og:locale\" content=\"es_MX\" \/>\n<meta property=\"og:type\" content=\"article\" \/>\n<meta property=\"og:title\" content=\"Aviso de privacidad - Global Business Group\" \/>\n<meta property=\"og:description\" content=\"Global Business Group, Sociedad An\u00f3nima de Capital Variable, en cumplimiento con lo establecido en la Ley Federal de Protecci\u00f3n de Datos Personales en Posesi\u00f3n de los Particulares, ha creado este Aviso de Privacidad para demostrar nuestro compromiso con la protecci\u00f3n de su privacidad y de la informaci\u00f3n que usted nos proporcione (\u201cDatos Personales\u201d). Global Business [&hellip;]\" \/>\n<meta property=\"og:url\" content=\"https:\/\/gbgintegral.com.mx\/aviso-de-privacidad\/\" \/>\n<meta property=\"og:site_name\" content=\"Global Business Group\" \/>\n<meta property=\"article:modified_time\" content=\"2022-04-09T00:20:45+00:00\" \/>\n<meta name=\"twitter:card\" content=\"summary_large_image\" \/>\n<meta name=\"twitter:label1\" content=\"Tiempo de lectura\" \/>\n\t<meta name=\"twitter:data1\" content=\"6 minutos\" \/>\n<script type=\"application\/ld+json\" class=\"yoast-schema-graph\">{\"@context\":\"https:\/\/schema.org\",\"@graph\":[{\"@type\":\"WebSite\",\"@id\":\"https:\/\/moodle.radius.com.mx\/global\/#website\",\"url\":\"https:\/\/moodle.radius.com.mx\/global\/\",\"name\":\"Global Business Group\",\"description\":\"Empresa l\u00edder en la distribuci\u00f3n de medicamentos y material de curaci\u00f3n a nivel nacional.\",\"potentialAction\":[{\"@type\":\"SearchAction\",\"target\":{\"@type\":\"EntryPoint\",\"urlTemplate\":\"https:\/\/moodle.radius.com.mx\/global\/?s={search_term_string}\"},\"query-input\":\"required name=search_term_string\"}],\"inLanguage\":\"es\"},{\"@type\":\"WebPage\",\"@id\":\"https:\/\/gbgintegral.com.mx\/aviso-de-privacidad\/#webpage\",\"url\":\"https:\/\/gbgintegral.com.mx\/aviso-de-privacidad\/\",\"name\":\"Aviso de privacidad - Global Business Group\",\"isPartOf\":{\"@id\":\"https:\/\/moodle.radius.com.mx\/global\/#website\"},\"datePublished\":\"2021-12-03T18:34:16+00:00\",\"dateModified\":\"2022-04-09T00:20:45+00:00\",\"breadcrumb\":{\"@id\":\"https:\/\/gbgintegral.com.mx\/aviso-de-privacidad\/#breadcrumb\"},\"inLanguage\":\"es\",\"potentialAction\":[{\"@type\":\"ReadAction\",\"target\":[\"https:\/\/gbgintegral.com.mx\/aviso-de-privacidad\/\"]}]},{\"@type\":\"BreadcrumbList\",\"@id\":\"https:\/\/gbgintegral.com.mx\/aviso-de-privacidad\/#breadcrumb\",\"itemListElement\":[{\"@type\":\"ListItem\",\"position\":1,\"name\":\"Aviso de privacidad\"}]}]}<\/script>\n<!-- \/ Yoast SEO plugin. -->","yoast_head_json":{"title":"Aviso de privacidad - Global Business Group","robots":{"index":"noindex","follow":"follow","max-snippet":"max-snippet:-1","max-image-preview":"max-image-preview:large","max-video-preview":"max-video-preview:-1"},"og_locale":"es_MX","og_type":"article","og_title":"Aviso de privacidad - Global Business Group","og_description":"Global Business Group, Sociedad An\u00f3nima de Capital Variable, en cumplimiento con lo establecido en la Ley Federal de Protecci\u00f3n de Datos Personales en Posesi\u00f3n de los Particulares, ha creado este Aviso de Privacidad para demostrar nuestro compromiso con la protecci\u00f3n de su privacidad y de la informaci\u00f3n que usted nos proporcione (\u201cDatos Personales\u201d). Global Business [&hellip;]","og_url":"https:\/\/gbgintegral.com.mx\/aviso-de-privacidad\/","og_site_name":"Global Business Group","article_modified_time":"2022-04-09T00:20:45+00:00","twitter_card":"summary_large_image","twitter_misc":{"Tiempo de lectura":"6 minutos"},"schema":{"@context":"https:\/\/schema.org","@graph":[{"@type":"WebSite","@id":"https:\/\/moodle.radius.com.mx\/global\/#website","url":"https:\/\/moodle.radius.com.mx\/global\/","name":"Global Business Group","description":"Empresa l\u00edder en la distribuci\u00f3n de medicamentos y material de curaci\u00f3n a nivel nacional.","potentialAction":[{"@type":"SearchAction","target":{"@type":"EntryPoint","urlTemplate":"https:\/\/moodle.radius.com.mx\/global\/?s={search_term_string}"},"query-input":"required name=search_term_string"}],"inLanguage":"es"},{"@type":"WebPage","@id":"https:\/\/gbgintegral.com.mx\/aviso-de-privacidad\/#webpage","url":"https:\/\/gbgintegral.com.mx\/aviso-de-privacidad\/","name":"Aviso de privacidad - Global Business Group","isPartOf":{"@id":"https:\/\/moodle.radius.com.mx\/global\/#website"},"datePublished":"2021-12-03T18:34:16+00:00","dateModified":"2022-04-09T00:20:45+00:00","breadcrumb":{"@id":"https:\/\/gbgintegral.com.mx\/aviso-de-privacidad\/#breadcrumb"},"inLanguage":"es","potentialAction":[{"@type":"ReadAction","target":["https:\/\/gbgintegral.com.mx\/aviso-de-privacidad\/"]}]},{"@type":"BreadcrumbList","@id":"https:\/\/gbgintegral.com.mx\/aviso-de-privacidad\/#breadcrumb","itemListElement":[{"@type":"ListItem","position":1,"name":"Aviso de privacidad"}]}]}},"_links":{"self":[{"href":"https:\/\/moodle.radius.com.mx\/global\/wp-json\/wp\/v2\/pages\/20","targetHints":{"allow":["GET"]}}],"collection":[{"href":"https:\/\/moodle.radius.com.mx\/global\/wp-json\/wp\/v2\/pages"}],"about":[{"href":"https:\/\/moodle.radius.com.mx\/global\/wp-json\/wp\/v2\/types\/page"}],"author":[{"embeddable":true,"href":"https:\/\/moodle.radius.com.mx\/global\/wp-json\/wp\/v2\/users\/1"}],"replies":[{"embeddable":true,"href":"https:\/\/moodle.radius.com.mx\/global\/wp-json\/wp\/v2\/comments?post=20"}],"version-history":[{"count":8,"href":"https:\/\/moodle.radius.com.mx\/global\/wp-json\/wp\/v2\/pages\/20\/revisions"}],"predecessor-version":[{"id":519,"href":"https:\/\/moodle.radius.com.mx\/global\/wp-json\/wp\/v2\/pages\/20\/revisions\/519"}],"wp:attachment":[{"href":"https:\/\/moodle.radius.com.mx\/global\/wp-json\/wp\/v2\/media?parent=20"}],"curies":[{"name":"wp","href":"https:\/\/api.w.org\/{rel}","templated":true}]}}